{"id":2,"date":"2016-02-09T11:44:59","date_gmt":"2016-02-09T10:44:59","guid":{"rendered":"http:\/\/sito.latitudo.com\/?page_id=2"},"modified":"2024-01-11T16:02:44","modified_gmt":"2024-01-11T15:02:44","slug":"partners","status":"publish","type":"page","link":"https:\/\/www.latitudo.com\/index.php\/partners\/","title":{"rendered":"Partners"},"content":{"rendered":"<p>Promuovere l&#8217;efficienza \u00e8 il nostro obiettivo, migliorare le tue performance il risultato.<\/p>\n<div class=\"centrale\"><a accesskey=\"1\" class=\"centrale_titolo\" href=\"http:\/\/www.latitudo.com\/home3\/Default.asp?pc=progettazione\">Missione<\/a><br \/>\nSiamo un&#8217;organizzazione di esperti, sviluppiamo soluzioni innovative per portare le aziende clienti all&#8217;eccellenza nelle operazioni del vostro business.<a accesskey=\"2\" class=\"centrale_titolo\" href=\"http:\/\/www.latitudo.com\/home3\/Default.asp?pc=realizzazioni\">Visione<\/a><br \/>\nSiamo partner Microsoft e sviluppiamo per i nostri clienti soluzioni all&#8217;avanguardia della tecnologia,<br \/>\nconsigliando sempre la miglior strategia per il successo dei progetti.<\/p>\n<table width=\"100%\" cellspacing=\"0\" cellpadding=\"0\">\n<tbody>\n<tr>\n<td align=\"left\" width=\"50%\"><a accesskey=\"3\" title=\"Aggiornare Office\" href=\"http:\/\/www.latitudo.com\/home3\/Default.asp?pc=nuovo_office_novita\"><img decoding=\"async\" src=\"http:\/\/www.latitudo.com\/home3\/evento6marzo\/365.gif\" alt=\"\" \/> <\/a><\/td>\n<td align=\"center\" width=\"50%\"><a accesskey=\"4\" title=\"Aggiornare Office 365\" href=\"http:\/\/www.latitudo.com\/home3\/Default.asp?pc=nuovo_office_novita\"> Perch\u00e8 aggiornare Office<img decoding=\"async\" src=\"http:\/\/www.latitudo.com\/home3\/images\/concentrici.png\" alt=\"Perche aggiornare Office\" \/> <\/a><\/td>\n<\/tr>\n<\/tbody>\n<\/table>\n<p>Office 365 migliora la facilit\u00e0 di utilizzo dei dispositivi, aggiunge in modo estremamente semplice il cloud tra le esperienze aziendali, \u00e8 sempre aggiornato e permette un notevole risparmio economico.<\/p>\n<\/div>\n<div class='row'><div style='padding-bottom:30px;' class='span12 first-module module_number_1 module_cont  center_title module_gallery'><div class='photo_gallery list-of-images images_in_a_row_3'>\n\t\t\t\t\t\t<div class=\"gallery_item\">\n\t\t\t\t\t\t\t<div class=\"gallery_item_padding\">\n\t\t\t\t\t\t\t\t<div class=\"gallery_item_wrapper\"><img class=\"gallery-stand-img\" src=\"https:\/\/www.latitudo.com\/wp-content\/uploads\/2016\/02\/office365-570x460.gif\" alt=\"\" width=\"570\" height=\"460\"><a href=\"https:\/\/www.latitudo.com\/wp-content\/uploads\/2016\/02\/office365.gif\" class=\"view_link photozoom \" title=\"\"><\/a><div class=\"gallery_fadder\"><\/div>\n\t\t\t\t\t\t\t\t\t<span class=\"featured_items_ico\"><\/span>\n\t\t\t\t\t\t\t\t<\/div>\n\t\t\t\t\t\t\t<\/div>\n\t\t\t\t\t\t<\/div>\n\t\t\t\t\t\t\n\t\t\t\t\t\t<div class=\"gallery_item\">\n\t\t\t\t\t\t\t<div class=\"gallery_item_padding\">\n\t\t\t\t\t\t\t\t<div class=\"gallery_item_wrapper\"><img class=\"gallery-stand-img\" src=\"https:\/\/www.latitudo.com\/wp-content\/uploads\/2016\/03\/microsoft-surface-comparison-570x460.jpg\" alt=\"\" width=\"570\" height=\"460\"><a href=\"https:\/\/www.latitudo.com\/wp-content\/uploads\/2016\/03\/microsoft-surface-comparison.jpg\" class=\"view_link photozoom \" title=\"\"><\/a><div class=\"gallery_fadder\"><\/div>\n\t\t\t\t\t\t\t\t\t<span class=\"featured_items_ico\"><\/span>\n\t\t\t\t\t\t\t\t<\/div>\n\t\t\t\t\t\t\t<\/div>\n\t\t\t\t\t\t<\/div>\n\t\t\t\t\t\t\n\t\t\t\t\t\t<div class=\"gallery_item\">\n\t\t\t\t\t\t\t<div class=\"gallery_item_padding\">\n\t\t\t\t\t\t\t\t<div class=\"gallery_item_wrapper\"><img class=\"gallery-stand-img\" src=\"\" alt=\"\" width=\"570\" height=\"460\"><a href=\"\" class=\"view_link photozoom \" title=\"\"><\/a><div class=\"gallery_fadder\"><\/div>\n\t\t\t\t\t\t\t\t\t<span class=\"featured_items_ico\"><\/span>\n\t\t\t\t\t\t\t\t<\/div>\n\t\t\t\t\t\t\t<\/div>\n\t\t\t\t\t\t<\/div>\n\t\t\t\t\t\t\n\t\t\t\t\t\t<div class=\"gallery_item\">\n\t\t\t\t\t\t\t<div class=\"gallery_item_padding\">\n\t\t\t\t\t\t\t\t<div class=\"gallery_item_wrapper\"><img class=\"gallery-stand-img\" src=\"https:\/\/www.latitudo.com\/wp-content\/uploads\/2016\/03\/plug_Animata-570x460.gif\" alt=\"\" width=\"570\" height=\"460\"><a href=\"https:\/\/www.latitudo.com\/wp-content\/uploads\/2016\/03\/plug_Animata.gif\" class=\"view_link photozoom \" title=\"\"><\/a><div class=\"gallery_fadder\"><\/div>\n\t\t\t\t\t\t\t\t\t<span class=\"featured_items_ico\"><\/span>\n\t\t\t\t\t\t\t\t<\/div>\n\t\t\t\t\t\t\t<\/div>\n\t\t\t\t\t\t<\/div>\n\t\t\t\t\t\t\n\t\t\t\t\t\t<div class=\"gallery_item\">\n\t\t\t\t\t\t\t<div class=\"gallery_item_padding\">\n\t\t\t\t\t\t\t\t<div class=\"gallery_item_wrapper\"><img class=\"gallery-stand-img\" src=\"https:\/\/www.latitudo.com\/wp-content\/uploads\/2016\/03\/TAC_Animata-570x460.gif\" alt=\"\" width=\"570\" height=\"460\"><a href=\"https:\/\/www.latitudo.com\/wp-content\/uploads\/2016\/03\/TAC_Animata.gif\" class=\"view_link photozoom \" title=\"\"><\/a><div class=\"gallery_fadder\"><\/div>\n\t\t\t\t\t\t\t\t\t<span class=\"featured_items_ico\"><\/span>\n\t\t\t\t\t\t\t\t<\/div>\n\t\t\t\t\t\t\t<\/div>\n\t\t\t\t\t\t<\/div>\n\t\t\t\t\t\t\n\t\t\t\t\t\t<div class=\"gallery_item\">\n\t\t\t\t\t\t\t<div class=\"gallery_item_padding\">\n\t\t\t\t\t\t\t\t<div class=\"gallery_item_wrapper\"><img class=\"gallery-stand-img\" src=\"https:\/\/www.latitudo.com\/wp-content\/uploads\/2016\/03\/BI_Animata-570x460.gif\" alt=\"\" width=\"570\" height=\"460\"><a href=\"https:\/\/www.latitudo.com\/wp-content\/uploads\/2016\/03\/BI_Animata.gif\" class=\"view_link photozoom \" title=\"\"><\/a><div class=\"gallery_fadder\"><\/div>\n\t\t\t\t\t\t\t\t\t<span class=\"featured_items_ico\"><\/span>\n\t\t\t\t\t\t\t\t<\/div>\n\t\t\t\t\t\t\t<\/div>\n\t\t\t\t\t\t<\/div>\n\t\t\t\t\t\t\n\t\t\t\t\t\t<div class=\"gallery_item\">\n\t\t\t\t\t\t\t<div class=\"gallery_item_padding\">\n\t\t\t\t\t\t\t\t<div class=\"gallery_item_wrapper\"><img class=\"gallery-stand-img\" src=\"https:\/\/www.latitudo.com\/wp-content\/uploads\/2016\/03\/Certificazione_Animata-570x460.gif\" alt=\"\" width=\"570\" height=\"460\"><a href=\"https:\/\/www.latitudo.com\/wp-content\/uploads\/2016\/03\/Certificazione_Animata.gif\" class=\"view_link photozoom \" title=\"\"><\/a><div class=\"gallery_fadder\"><\/div>\n\t\t\t\t\t\t\t\t\t<span class=\"featured_items_ico\"><\/span>\n\t\t\t\t\t\t\t\t<\/div>\n\t\t\t\t\t\t\t<\/div>\n\t\t\t\t\t\t<\/div>\n\t\t\t\t\t\t\n\t\t\t<div class='clear'><\/div>\n\t\t\t<\/div>\n\t\t\t<\/div><!-- .module_cont --><\/div><div class='row'><div style='padding-bottom:30px;' class='span12  module_number_2 module_cont  center_title module_layer_slider'>\n                <div class='module_content'>\n                    \n                <\/div><\/div><!-- .module_cont --><\/div><div class='row'><div style='padding-bottom:30px;' class='span3  module_number_3 module_cont  center_title module_toggle'><div class='shortcode_toggles toggles'>\n\t\t<h5 data-count='' class='shortcode_toggles_item_title acc_togg_title expanded_no'>PROVA<span class='ico'><\/span><\/h5>\n\t\t<div class='shortcode_toggles_item_body acc_togg_body'>\n\t\t    <div class='ip'><p>TOGGLE<\/p><\/div>\n        <\/div><\/div><\/div><!-- .module_cont --><\/div><!-- If this is last module - close -->","protected":false},"excerpt":{"rendered":"<p>Promuovere l&#8217;efficienza \u00e8 il nostro obiettivo, migliorare le tue performance il risultato. Missione Siamo un&#8217;organizzazione di esperti, sviluppiamo soluzioni innovative per portare le aziende clienti all&#8217;eccellenza nelle operazioni del vostro business.Visione Siamo partner Microsoft e sviluppiamo per i nostri clienti soluzioni all&#8217;avanguardia della tecnologia, consigliando sempre la miglior strategia per il successo dei progetti. Perch\u00e8 aggiornare Office Office 365 migliora la facilit\u00e0 di utilizzo dei dispositivi, aggiunge in modo estremamente semplice il cloud tra le esperienze aziendali, \u00e8 sempre aggiornato e permette un notevole risparmio economico. PROVA TOGGLE<\/p>\n","protected":false},"author":1,"featured_media":0,"parent":0,"menu_order":0,"comment_status":"open","ping_status":"closed","template":"","meta":[],"yoast_head":"<!-- This site is optimized with the Yoast SEO plugin v20.7 - https:\/\/yoast.com\/wordpress\/plugins\/seo\/ -->\n<title>Partners - Latitudo<\/title>\n<meta name=\"robots\" content=\"index, follow, max-snippet:-1, max-image-preview:large, max-video-preview:-1\" \/>\n<link rel=\"canonical\" href=\"https:\/\/www.latitudo.com\/index.php\/partners\/\" \/>\n<meta property=\"og:locale\" content=\"it_IT\" \/>\n<meta property=\"og:type\" content=\"article\" \/>\n<meta property=\"og:title\" content=\"Partners - Latitudo\" \/>\n<meta property=\"og:description\" content=\"Promuovere l&#8217;efficienza \u00e8 il nostro obiettivo, migliorare le tue performance il risultato. Missione Siamo un&#8217;organizzazione di esperti, sviluppiamo soluzioni innovative per portare le aziende clienti all&#8217;eccellenza nelle operazioni del vostro business.Visione Siamo partner Microsoft e sviluppiamo per i nostri clienti soluzioni all&#8217;avanguardia della tecnologia, consigliando sempre la miglior strategia per il successo dei progetti. Perch\u00e8 aggiornare Office Office 365 migliora la facilit\u00e0 di utilizzo dei dispositivi, aggiunge in modo estremamente semplice il cloud tra le esperienze aziendali, \u00e8 sempre aggiornato e permette un notevole risparmio economico. PROVA TOGGLE\" \/>\n<meta property=\"og:url\" content=\"https:\/\/www.latitudo.com\/index.php\/partners\/\" \/>\n<meta property=\"og:site_name\" content=\"Latitudo\" \/>\n<meta property=\"article:publisher\" content=\"https:\/\/www.facebook.com\/Latitudo\/\" \/>\n<meta property=\"article:modified_time\" content=\"2024-01-11T15:02:44+00:00\" \/>\n<meta property=\"og:image\" content=\"http:\/\/www.latitudo.com\/home3\/evento6marzo\/365.gif\" \/>\n<meta name=\"twitter:card\" content=\"summary_large_image\" \/>\n<meta name=\"twitter:site\" content=\"@Latitudo\" \/>\n<script type=\"application\/ld+json\" class=\"yoast-schema-graph\">{\"@context\":\"https:\/\/schema.org\",\"@graph\":[{\"@type\":\"WebPage\",\"@id\":\"https:\/\/www.latitudo.com\/index.php\/partners\/\",\"url\":\"https:\/\/www.latitudo.com\/index.php\/partners\/\",\"name\":\"Partners - Latitudo\",\"isPartOf\":{\"@id\":\"https:\/\/www.latitudo.com\/#website\"},\"datePublished\":\"2016-02-09T10:44:59+00:00\",\"dateModified\":\"2024-01-11T15:02:44+00:00\",\"breadcrumb\":{\"@id\":\"https:\/\/www.latitudo.com\/index.php\/partners\/#breadcrumb\"},\"inLanguage\":\"it-IT\",\"potentialAction\":[{\"@type\":\"ReadAction\",\"target\":[\"https:\/\/www.latitudo.com\/index.php\/partners\/\"]}]},{\"@type\":\"BreadcrumbList\",\"@id\":\"https:\/\/www.latitudo.com\/index.php\/partners\/#breadcrumb\",\"itemListElement\":[{\"@type\":\"ListItem\",\"position\":1,\"name\":\"Home\",\"item\":\"https:\/\/www.latitudo.com\/\"},{\"@type\":\"ListItem\",\"position\":2,\"name\":\"Partners\"}]},{\"@type\":\"WebSite\",\"@id\":\"https:\/\/www.latitudo.com\/#website\",\"url\":\"https:\/\/www.latitudo.com\/\",\"name\":\"Latitudo\",\"description\":\"Promuovere l&#039;efficienza \u00e8 il nostro obiettivo, migliorare le tue performance il risultato.\",\"publisher\":{\"@id\":\"https:\/\/www.latitudo.com\/#organization\"},\"potentialAction\":[{\"@type\":\"SearchAction\",\"target\":{\"@type\":\"EntryPoint\",\"urlTemplate\":\"https:\/\/www.latitudo.com\/?s={search_term_string}\"},\"query-input\":\"required name=search_term_string\"}],\"inLanguage\":\"it-IT\"},{\"@type\":\"Organization\",\"@id\":\"https:\/\/www.latitudo.com\/#organization\",\"name\":\"Latitudo\",\"url\":\"https:\/\/www.latitudo.com\/\",\"logo\":{\"@type\":\"ImageObject\",\"inLanguage\":\"it-IT\",\"@id\":\"https:\/\/www.latitudo.com\/#\/schema\/logo\/image\/\",\"url\":\"https:\/\/www.latitudo.com\/wp-content\/uploads\/2016\/06\/Logo_Latitudo_tra_retina_152.png\",\"contentUrl\":\"https:\/\/www.latitudo.com\/wp-content\/uploads\/2016\/06\/Logo_Latitudo_tra_retina_152.png\",\"width\":152,\"height\":60,\"caption\":\"Latitudo\"},\"image\":{\"@id\":\"https:\/\/www.latitudo.com\/#\/schema\/logo\/image\/\"},\"sameAs\":[\"https:\/\/www.facebook.com\/Latitudo\/\",\"https:\/\/twitter.com\/Latitudo\",\"https:\/\/www.linkedin.com\/company\/latitudo-s-r-l-\"]}]}<\/script>\n<!-- \/ Yoast SEO plugin. -->","yoast_head_json":{"title":"Partners - Latitudo","robots":{"index":"index","follow":"follow","max-snippet":"max-snippet:-1","max-image-preview":"max-image-preview:large","max-video-preview":"max-video-preview:-1"},"canonical":"https:\/\/www.latitudo.com\/index.php\/partners\/","og_locale":"it_IT","og_type":"article","og_title":"Partners - Latitudo","og_description":"Promuovere l&#8217;efficienza \u00e8 il nostro obiettivo, migliorare le tue performance il risultato. Missione Siamo un&#8217;organizzazione di esperti, sviluppiamo soluzioni innovative per portare le aziende clienti all&#8217;eccellenza nelle operazioni del vostro business.Visione Siamo partner Microsoft e sviluppiamo per i nostri clienti soluzioni all&#8217;avanguardia della tecnologia, consigliando sempre la miglior strategia per il successo dei progetti. Perch\u00e8 aggiornare Office Office 365 migliora la facilit\u00e0 di utilizzo dei dispositivi, aggiunge in modo estremamente semplice il cloud tra le esperienze aziendali, \u00e8 sempre aggiornato e permette un notevole risparmio economico. PROVA TOGGLE","og_url":"https:\/\/www.latitudo.com\/index.php\/partners\/","og_site_name":"Latitudo","article_publisher":"https:\/\/www.facebook.com\/Latitudo\/","article_modified_time":"2024-01-11T15:02:44+00:00","og_image":[{"url":"http:\/\/www.latitudo.com\/home3\/evento6marzo\/365.gif"}],"twitter_card":"summary_large_image","twitter_site":"@Latitudo","schema":{"@context":"https:\/\/schema.org","@graph":[{"@type":"WebPage","@id":"https:\/\/www.latitudo.com\/index.php\/partners\/","url":"https:\/\/www.latitudo.com\/index.php\/partners\/","name":"Partners - Latitudo","isPartOf":{"@id":"https:\/\/www.latitudo.com\/#website"},"datePublished":"2016-02-09T10:44:59+00:00","dateModified":"2024-01-11T15:02:44+00:00","breadcrumb":{"@id":"https:\/\/www.latitudo.com\/index.php\/partners\/#breadcrumb"},"inLanguage":"it-IT","potentialAction":[{"@type":"ReadAction","target":["https:\/\/www.latitudo.com\/index.php\/partners\/"]}]},{"@type":"BreadcrumbList","@id":"https:\/\/www.latitudo.com\/index.php\/partners\/#breadcrumb","itemListElement":[{"@type":"ListItem","position":1,"name":"Home","item":"https:\/\/www.latitudo.com\/"},{"@type":"ListItem","position":2,"name":"Partners"}]},{"@type":"WebSite","@id":"https:\/\/www.latitudo.com\/#website","url":"https:\/\/www.latitudo.com\/","name":"Latitudo","description":"Promuovere l&#039;efficienza \u00e8 il nostro obiettivo, migliorare le tue performance il risultato.","publisher":{"@id":"https:\/\/www.latitudo.com\/#organization"},"potentialAction":[{"@type":"SearchAction","target":{"@type":"EntryPoint","urlTemplate":"https:\/\/www.latitudo.com\/?s={search_term_string}"},"query-input":"required name=search_term_string"}],"inLanguage":"it-IT"},{"@type":"Organization","@id":"https:\/\/www.latitudo.com\/#organization","name":"Latitudo","url":"https:\/\/www.latitudo.com\/","logo":{"@type":"ImageObject","inLanguage":"it-IT","@id":"https:\/\/www.latitudo.com\/#\/schema\/logo\/image\/","url":"https:\/\/www.latitudo.com\/wp-content\/uploads\/2016\/06\/Logo_Latitudo_tra_retina_152.png","contentUrl":"https:\/\/www.latitudo.com\/wp-content\/uploads\/2016\/06\/Logo_Latitudo_tra_retina_152.png","width":152,"height":60,"caption":"Latitudo"},"image":{"@id":"https:\/\/www.latitudo.com\/#\/schema\/logo\/image\/"},"sameAs":["https:\/\/www.facebook.com\/Latitudo\/","https:\/\/twitter.com\/Latitudo","https:\/\/www.linkedin.com\/company\/latitudo-s-r-l-"]}]}},"_links":{"self":[{"href":"https:\/\/www.latitudo.com\/index.php\/wp-json\/wp\/v2\/pages\/2"}],"collection":[{"href":"https:\/\/www.latitudo.com\/index.php\/wp-json\/wp\/v2\/pages"}],"about":[{"href":"https:\/\/www.latitudo.com\/index.php\/wp-json\/wp\/v2\/types\/page"}],"author":[{"embeddable":true,"href":"https:\/\/www.latitudo.com\/index.php\/wp-json\/wp\/v2\/users\/1"}],"replies":[{"embeddable":true,"href":"https:\/\/www.latitudo.com\/index.php\/wp-json\/wp\/v2\/comments?post=2"}],"version-history":[{"count":6,"href":"https:\/\/www.latitudo.com\/index.php\/wp-json\/wp\/v2\/pages\/2\/revisions"}],"predecessor-version":[{"id":753,"href":"https:\/\/www.latitudo.com\/index.php\/wp-json\/wp\/v2\/pages\/2\/revisions\/753"}],"wp:attachment":[{"href":"https:\/\/www.latitudo.com\/index.php\/wp-json\/wp\/v2\/media?parent=2"}],"curies":[{"name":"wp","href":"https:\/\/api.w.org\/{rel}","templated":true}]}}