{"id":1715,"date":"2024-05-09T17:21:54","date_gmt":"2024-05-09T15:21:54","guid":{"rendered":"https:\/\/www.latitudo.com\/index.php\/conoscere-copilot-per-microsoft-365-06-giugno-2024-2\/"},"modified":"2024-06-20T12:41:21","modified_gmt":"2024-06-20T10:41:21","slug":"workshop-nella-tua-azienda-copilot-microsoft-365","status":"publish","type":"page","link":"https:\/\/www.latitudo.com\/index.php\/workshop-nella-tua-azienda-copilot-microsoft-365\/","title":{"rendered":"Porta un Workshop nella tua azienda &#8211; Copilot per Microsoft 365"},"content":{"rendered":"\n<h2 class=\"wp-block-heading has-text-align-left\">Esplora con noi come <strong>Copilot <\/strong>pu\u00f2 <strong>migliorare <\/strong>il tuo<strong> lavoro quotidiano.<\/strong><\/h2>\n\n\n\n<h2 class=\"wp-block-heading has-text-align-left\">Porta il <strong>Workshop su Copilot <\/strong>direttamente all&#8217;<strong>interno della tua azienda<\/strong>.<\/h2>\n\n\n<div class=\"wp-block-image\">\n<figure class=\"aligncenter size-large\"><img decoding=\"async\" loading=\"lazy\" width=\"1024\" height=\"585\" src=\"https:\/\/www.latitudo.com\/wp-content\/uploads\/2024\/03\/DALLE-TrainingClass-1024x585.webp\" alt=\"\" class=\"wp-image-1677\" srcset=\"https:\/\/www.latitudo.com\/wp-content\/uploads\/2024\/03\/DALLE-TrainingClass-1024x585.webp 1024w, https:\/\/www.latitudo.com\/wp-content\/uploads\/2024\/03\/DALLE-TrainingClass-300x171.webp 300w, https:\/\/www.latitudo.com\/wp-content\/uploads\/2024\/03\/DALLE-TrainingClass-768x439.webp 768w, https:\/\/www.latitudo.com\/wp-content\/uploads\/2024\/03\/DALLE-TrainingClass-1536x878.webp 1536w, https:\/\/www.latitudo.com\/wp-content\/uploads\/2024\/03\/DALLE-TrainingClass.webp 1792w\" sizes=\"(max-width: 1024px) 100vw, 1024px\" \/><\/figure><\/div>\n\n\n<p class=\"has-text-align-center\"><strong>Scopri il potenziale di Microsoft Copilot per Microsoft 365!<\/strong> <\/p>\n\n\n\n<hr class=\"wp-block-separator has-alpha-channel-opacity is-style-dots\"\/>\n\n\n\n<h2 class=\"wp-block-heading has-text-align-center\"><strong>Workshop su Copilot Microsoft 365<\/strong><\/h2>\n\n\n\n<p>Il nostro workshop ti guider\u00e0 attraverso un&#8217;esplorazione approfondita delle funzionalit\u00e0 di Copilot, il nuovo assistente AI integrato con l\u2019esperienza di Office 365 per ottimizzare i tuoi flussi di lavoro e aumentare la produttivit\u00e0.<\/p>\n\n\n\n<p>Attraverso moduli dettagliati e interattivi, scoprirai come <strong>sfruttare al massimo le potenzialit\u00e0 di Copilot.<\/strong> <\/p>\n\n\n\n<p><strong>Imparerai ad utilizzare Copilot<\/strong>: <\/p>\n\n\n\n<ul>\n<li>in <strong>Word <\/strong>per comporre e riassumere documenti in modo efficiente, <\/li>\n\n\n\n<li>in <strong>Outlook <\/strong>per redigere e ottimizzare e-mail efficaci, <\/li>\n\n\n\n<li>in <strong>PowerPoint <\/strong>per creare presentazioni accattivanti e professionali, <\/li>\n\n\n\n<li>in <strong>Excel <\/strong>per analizzare e trasformare dati con precisione<\/li>\n\n\n\n<li>in <strong>Teams <\/strong>per migliorare la collaborazione e la comunicazione tra i membri del tuo team.<\/li>\n<\/ul>\n\n\n\n<p>Ogni modulo sar\u00e0 arricchito da esempi pratici e casi d&#8217;uso reali per garantire un apprendimento completo e applicabile.<\/p>\n\n\n\n<p>Il workshop approfondir\u00e0 anche le migliori pratiche per ottimizzare e estendere le funzionalit\u00e0 di Copilot, fornendoti gli strumenti necessari per sfruttare appieno tutto il suo potenziale. <\/p>\n\n\n\n<p><strong>Scoprirai come lavorare in modo efficace con l&#8217;IA<\/strong>, creare prompt efficaci e utilizzare plugin e connettori di Microsoft per personalizzare ulteriormente l&#8217;esperienza di Copilot.<\/p>\n\n\n\n<p>Il Workshop su Copilot Microsoft 365 fornir\u00e0 una panoramica chiara dei requisiti di licenza e dei costi di abbonamento ad Azure per Copilot, garantendo una piena comprensione delle implicazioni finanziarie e operative dell&#8217;adozione di questo strumento innovativo e di come possa migliorare l&#8217;efficienza e la produttivit\u00e0 aziendale a lungo termine . <\/p>\n\n\n\n<p><strong>Non perdere l&#8217;opportunit\u00e0 di conoscere Copilot per Microsoft 365 e vederlo in azione grazie alle nostre dimostrazioni pratiche!<\/strong><\/p>\n\n\n\n<h2 class=\"wp-block-heading has-text-align-center\"><a href=\"mailto:info@Latitudo.com\">Contattaci<\/a> <\/h2>\n\n\n\n<p><strong>e unisciti a noi per un&#8217;esperienza formativa e informativa indimenticabile.<\/strong><\/p>\n\n\n\n<h3 class=\"wp-block-heading\">Non perdere questa opportunit\u00e0 unica di conoscere Copilot per Microsoft 365  e trasformare il tuo lavoro d&#8217;ufficio. <\/h3>\n","protected":false},"excerpt":{"rendered":"<p>Esplora con noi come Copilot pu\u00f2 migliorare il tuo lavoro quotidiano. Porta il Workshop su Copilot direttamente all&#8217;interno della tua azienda. Scopri il potenziale di Microsoft Copilot per Microsoft 365! Workshop su Copilot Microsoft 365 Il nostro workshop ti guider\u00e0 attraverso un&#8217;esplorazione approfondita delle funzionalit\u00e0 di Copilot, il nuovo assistente AI integrato con l\u2019esperienza di Office 365 per ottimizzare i tuoi flussi di lavoro e aumentare la produttivit\u00e0. Attraverso moduli dettagliati e interattivi, scoprirai come sfruttare al massimo le potenzialit\u00e0 di Copilot. Imparerai ad utilizzare Copilot: Ogni modulo sar\u00e0 arricchito da esempi pratici e casi d&#8217;uso reali per garantire un apprendimento completo e applicabile. Il workshop approfondir\u00e0 anche le migliori pratiche per ottimizzare e estendere le funzionalit\u00e0 di Copilot, fornendoti gli strumenti necessari per sfruttare appieno tutto il suo potenziale. Scoprirai come lavorare in modo efficace con l&#8217;IA, creare prompt efficaci e utilizzare plugin e connettori di Microsoft per personalizzare ulteriormente l&#8217;esperienza di Copilot. Il Workshop su Copilot Microsoft 365 fornir\u00e0 una panoramica chiara dei requisiti di licenza e dei costi di abbonamento ad Azure per Copilot, garantendo una piena comprensione delle implicazioni finanziarie e operative dell&#8217;adozione di questo strumento innovativo e di come possa migliorare l&#8217;efficienza e la produttivit\u00e0 [&hellip;]<\/p>\n","protected":false},"author":3,"featured_media":0,"parent":0,"menu_order":0,"comment_status":"closed","ping_status":"closed","template":"","meta":[],"yoast_head":"<!-- This site is optimized with the Yoast SEO plugin v20.7 - https:\/\/yoast.com\/wordpress\/plugins\/seo\/ -->\n<title>Porta un Workshop nella tua azienda - Copilot per Microsoft 365<\/title>\n<meta name=\"description\" content=\"Il nostro Workshop su Copilot Microsoft 365 ti guider\u00e0 attraverso l&#039;esplorazione delle funzionalit\u00e0 dell&#039;assistente AI integrato in Office 365\" \/>\n<meta name=\"robots\" content=\"index, follow, max-snippet:-1, max-image-preview:large, max-video-preview:-1\" \/>\n<link rel=\"canonical\" href=\"https:\/\/www.latitudo.com\/index.php\/workshop-nella-tua-azienda-copilot-microsoft-365\/\" \/>\n<meta property=\"og:locale\" content=\"it_IT\" \/>\n<meta property=\"og:type\" content=\"article\" \/>\n<meta property=\"og:title\" content=\"Porta un Workshop nella tua azienda - Copilot per Microsoft 365\" \/>\n<meta property=\"og:description\" content=\"Il nostro Workshop su Copilot Microsoft 365 ti guider\u00e0 attraverso l&#039;esplorazione delle funzionalit\u00e0 dell&#039;assistente AI integrato in Office 365\" \/>\n<meta property=\"og:url\" content=\"https:\/\/www.latitudo.com\/index.php\/workshop-nella-tua-azienda-copilot-microsoft-365\/\" \/>\n<meta property=\"og:site_name\" content=\"Latitudo\" \/>\n<meta property=\"article:publisher\" content=\"https:\/\/www.facebook.com\/Latitudo\/\" \/>\n<meta property=\"article:modified_time\" content=\"2024-06-20T10:41:21+00:00\" \/>\n<meta property=\"og:image\" content=\"https:\/\/www.latitudo.com\/wp-content\/uploads\/2024\/03\/DALLE-TrainingClass-1024x585.webp\" \/>\n<meta name=\"twitter:card\" content=\"summary_large_image\" \/>\n<meta name=\"twitter:site\" content=\"@Latitudo\" \/>\n<meta name=\"twitter:label1\" content=\"Tempo di lettura stimato\" \/>\n\t<meta name=\"twitter:data1\" content=\"2 minuti\" \/>\n<script type=\"application\/ld+json\" class=\"yoast-schema-graph\">{\"@context\":\"https:\/\/schema.org\",\"@graph\":[{\"@type\":[\"Article\",\"SocialMediaPosting\"],\"@id\":\"https:\/\/www.latitudo.com\/index.php\/workshop-nella-tua-azienda-copilot-microsoft-365\/#article\",\"isPartOf\":{\"@id\":\"https:\/\/www.latitudo.com\/index.php\/workshop-nella-tua-azienda-copilot-microsoft-365\/\"},\"author\":{\"name\":\"Nicola Bisi\",\"@id\":\"https:\/\/www.latitudo.com\/#\/schema\/person\/fa0bd495cc8f92c1678ee6211c395dc0\"},\"headline\":\"Porta un Workshop nella tua azienda &#8211; Copilot per Microsoft 365\",\"datePublished\":\"2024-05-09T15:21:54+00:00\",\"dateModified\":\"2024-06-20T10:41:21+00:00\",\"mainEntityOfPage\":{\"@id\":\"https:\/\/www.latitudo.com\/index.php\/workshop-nella-tua-azienda-copilot-microsoft-365\/\"},\"wordCount\":305,\"publisher\":{\"@id\":\"https:\/\/www.latitudo.com\/#organization\"},\"inLanguage\":\"it-IT\"},{\"@type\":\"WebPage\",\"@id\":\"https:\/\/www.latitudo.com\/index.php\/workshop-nella-tua-azienda-copilot-microsoft-365\/\",\"url\":\"https:\/\/www.latitudo.com\/index.php\/workshop-nella-tua-azienda-copilot-microsoft-365\/\",\"name\":\"Porta un Workshop nella tua azienda - Copilot per Microsoft 365\",\"isPartOf\":{\"@id\":\"https:\/\/www.latitudo.com\/#website\"},\"datePublished\":\"2024-05-09T15:21:54+00:00\",\"dateModified\":\"2024-06-20T10:41:21+00:00\",\"description\":\"Il nostro Workshop su Copilot Microsoft 365 ti guider\u00e0 attraverso l'esplorazione delle funzionalit\u00e0 dell'assistente AI integrato in Office 365\",\"breadcrumb\":{\"@id\":\"https:\/\/www.latitudo.com\/index.php\/workshop-nella-tua-azienda-copilot-microsoft-365\/#breadcrumb\"},\"inLanguage\":\"it-IT\",\"potentialAction\":[{\"@type\":\"ReadAction\",\"target\":[\"https:\/\/www.latitudo.com\/index.php\/workshop-nella-tua-azienda-copilot-microsoft-365\/\"]}]},{\"@type\":\"BreadcrumbList\",\"@id\":\"https:\/\/www.latitudo.com\/index.php\/workshop-nella-tua-azienda-copilot-microsoft-365\/#breadcrumb\",\"itemListElement\":[{\"@type\":\"ListItem\",\"position\":1,\"name\":\"Home\",\"item\":\"https:\/\/www.latitudo.com\/\"},{\"@type\":\"ListItem\",\"position\":2,\"name\":\"Porta un Workshop nella tua azienda &#8211; Copilot per Microsoft 365\"}]},{\"@type\":\"WebSite\",\"@id\":\"https:\/\/www.latitudo.com\/#website\",\"url\":\"https:\/\/www.latitudo.com\/\",\"name\":\"Latitudo\",\"description\":\"Promuovere l&#039;efficienza \u00e8 il nostro obiettivo, migliorare le tue performance il risultato.\",\"publisher\":{\"@id\":\"https:\/\/www.latitudo.com\/#organization\"},\"potentialAction\":[{\"@type\":\"SearchAction\",\"target\":{\"@type\":\"EntryPoint\",\"urlTemplate\":\"https:\/\/www.latitudo.com\/?s={search_term_string}\"},\"query-input\":\"required name=search_term_string\"}],\"inLanguage\":\"it-IT\"},{\"@type\":\"Organization\",\"@id\":\"https:\/\/www.latitudo.com\/#organization\",\"name\":\"Latitudo\",\"url\":\"https:\/\/www.latitudo.com\/\",\"logo\":{\"@type\":\"ImageObject\",\"inLanguage\":\"it-IT\",\"@id\":\"https:\/\/www.latitudo.com\/#\/schema\/logo\/image\/\",\"url\":\"https:\/\/www.latitudo.com\/wp-content\/uploads\/2016\/06\/Logo_Latitudo_tra_retina_152.png\",\"contentUrl\":\"https:\/\/www.latitudo.com\/wp-content\/uploads\/2016\/06\/Logo_Latitudo_tra_retina_152.png\",\"width\":152,\"height\":60,\"caption\":\"Latitudo\"},\"image\":{\"@id\":\"https:\/\/www.latitudo.com\/#\/schema\/logo\/image\/\"},\"sameAs\":[\"https:\/\/www.facebook.com\/Latitudo\/\",\"https:\/\/twitter.com\/Latitudo\",\"https:\/\/www.linkedin.com\/company\/latitudo-s-r-l-\"]},{\"@type\":\"Person\",\"@id\":\"https:\/\/www.latitudo.com\/#\/schema\/person\/fa0bd495cc8f92c1678ee6211c395dc0\",\"name\":\"Nicola Bisi\",\"image\":{\"@type\":\"ImageObject\",\"inLanguage\":\"it-IT\",\"@id\":\"https:\/\/www.latitudo.com\/#\/schema\/person\/image\/\",\"url\":\"https:\/\/secure.gravatar.com\/avatar\/da76126039737e6c857de47b3975d119?s=96&d=wavatar&r=g\",\"contentUrl\":\"https:\/\/secure.gravatar.com\/avatar\/da76126039737e6c857de47b3975d119?s=96&d=wavatar&r=g\",\"caption\":\"Nicola Bisi\"},\"sameAs\":[\"http:\/\/wwww.latitudo.com\"],\"url\":\"https:\/\/www.latitudo.com\/index.php\/author\/nicola\/\"}]}<\/script>\n<!-- \/ Yoast SEO plugin. -->","yoast_head_json":{"title":"Porta un Workshop nella tua azienda - Copilot per Microsoft 365","description":"Il nostro Workshop su Copilot Microsoft 365 ti guider\u00e0 attraverso l'esplorazione delle funzionalit\u00e0 dell'assistente AI integrato in Office 365","robots":{"index":"index","follow":"follow","max-snippet":"max-snippet:-1","max-image-preview":"max-image-preview:large","max-video-preview":"max-video-preview:-1"},"canonical":"https:\/\/www.latitudo.com\/index.php\/workshop-nella-tua-azienda-copilot-microsoft-365\/","og_locale":"it_IT","og_type":"article","og_title":"Porta un Workshop nella tua azienda - Copilot per Microsoft 365","og_description":"Il nostro Workshop su Copilot Microsoft 365 ti guider\u00e0 attraverso l'esplorazione delle funzionalit\u00e0 dell'assistente AI integrato in Office 365","og_url":"https:\/\/www.latitudo.com\/index.php\/workshop-nella-tua-azienda-copilot-microsoft-365\/","og_site_name":"Latitudo","article_publisher":"https:\/\/www.facebook.com\/Latitudo\/","article_modified_time":"2024-06-20T10:41:21+00:00","og_image":[{"url":"https:\/\/www.latitudo.com\/wp-content\/uploads\/2024\/03\/DALLE-TrainingClass-1024x585.webp"}],"twitter_card":"summary_large_image","twitter_site":"@Latitudo","twitter_misc":{"Tempo di lettura stimato":"2 minuti"},"schema":{"@context":"https:\/\/schema.org","@graph":[{"@type":["Article","SocialMediaPosting"],"@id":"https:\/\/www.latitudo.com\/index.php\/workshop-nella-tua-azienda-copilot-microsoft-365\/#article","isPartOf":{"@id":"https:\/\/www.latitudo.com\/index.php\/workshop-nella-tua-azienda-copilot-microsoft-365\/"},"author":{"name":"Nicola Bisi","@id":"https:\/\/www.latitudo.com\/#\/schema\/person\/fa0bd495cc8f92c1678ee6211c395dc0"},"headline":"Porta un Workshop nella tua azienda &#8211; Copilot per Microsoft 365","datePublished":"2024-05-09T15:21:54+00:00","dateModified":"2024-06-20T10:41:21+00:00","mainEntityOfPage":{"@id":"https:\/\/www.latitudo.com\/index.php\/workshop-nella-tua-azienda-copilot-microsoft-365\/"},"wordCount":305,"publisher":{"@id":"https:\/\/www.latitudo.com\/#organization"},"inLanguage":"it-IT"},{"@type":"WebPage","@id":"https:\/\/www.latitudo.com\/index.php\/workshop-nella-tua-azienda-copilot-microsoft-365\/","url":"https:\/\/www.latitudo.com\/index.php\/workshop-nella-tua-azienda-copilot-microsoft-365\/","name":"Porta un Workshop nella tua azienda - Copilot per Microsoft 365","isPartOf":{"@id":"https:\/\/www.latitudo.com\/#website"},"datePublished":"2024-05-09T15:21:54+00:00","dateModified":"2024-06-20T10:41:21+00:00","description":"Il nostro Workshop su Copilot Microsoft 365 ti guider\u00e0 attraverso l'esplorazione delle funzionalit\u00e0 dell'assistente AI integrato in Office 365","breadcrumb":{"@id":"https:\/\/www.latitudo.com\/index.php\/workshop-nella-tua-azienda-copilot-microsoft-365\/#breadcrumb"},"inLanguage":"it-IT","potentialAction":[{"@type":"ReadAction","target":["https:\/\/www.latitudo.com\/index.php\/workshop-nella-tua-azienda-copilot-microsoft-365\/"]}]},{"@type":"BreadcrumbList","@id":"https:\/\/www.latitudo.com\/index.php\/workshop-nella-tua-azienda-copilot-microsoft-365\/#breadcrumb","itemListElement":[{"@type":"ListItem","position":1,"name":"Home","item":"https:\/\/www.latitudo.com\/"},{"@type":"ListItem","position":2,"name":"Porta un Workshop nella tua azienda &#8211; Copilot per Microsoft 365"}]},{"@type":"WebSite","@id":"https:\/\/www.latitudo.com\/#website","url":"https:\/\/www.latitudo.com\/","name":"Latitudo","description":"Promuovere l&#039;efficienza \u00e8 il nostro obiettivo, migliorare le tue performance il risultato.","publisher":{"@id":"https:\/\/www.latitudo.com\/#organization"},"potentialAction":[{"@type":"SearchAction","target":{"@type":"EntryPoint","urlTemplate":"https:\/\/www.latitudo.com\/?s={search_term_string}"},"query-input":"required name=search_term_string"}],"inLanguage":"it-IT"},{"@type":"Organization","@id":"https:\/\/www.latitudo.com\/#organization","name":"Latitudo","url":"https:\/\/www.latitudo.com\/","logo":{"@type":"ImageObject","inLanguage":"it-IT","@id":"https:\/\/www.latitudo.com\/#\/schema\/logo\/image\/","url":"https:\/\/www.latitudo.com\/wp-content\/uploads\/2016\/06\/Logo_Latitudo_tra_retina_152.png","contentUrl":"https:\/\/www.latitudo.com\/wp-content\/uploads\/2016\/06\/Logo_Latitudo_tra_retina_152.png","width":152,"height":60,"caption":"Latitudo"},"image":{"@id":"https:\/\/www.latitudo.com\/#\/schema\/logo\/image\/"},"sameAs":["https:\/\/www.facebook.com\/Latitudo\/","https:\/\/twitter.com\/Latitudo","https:\/\/www.linkedin.com\/company\/latitudo-s-r-l-"]},{"@type":"Person","@id":"https:\/\/www.latitudo.com\/#\/schema\/person\/fa0bd495cc8f92c1678ee6211c395dc0","name":"Nicola Bisi","image":{"@type":"ImageObject","inLanguage":"it-IT","@id":"https:\/\/www.latitudo.com\/#\/schema\/person\/image\/","url":"https:\/\/secure.gravatar.com\/avatar\/da76126039737e6c857de47b3975d119?s=96&d=wavatar&r=g","contentUrl":"https:\/\/secure.gravatar.com\/avatar\/da76126039737e6c857de47b3975d119?s=96&d=wavatar&r=g","caption":"Nicola Bisi"},"sameAs":["http:\/\/wwww.latitudo.com"],"url":"https:\/\/www.latitudo.com\/index.php\/author\/nicola\/"}]}},"_links":{"self":[{"href":"https:\/\/www.latitudo.com\/index.php\/wp-json\/wp\/v2\/pages\/1715"}],"collection":[{"href":"https:\/\/www.latitudo.com\/index.php\/wp-json\/wp\/v2\/pages"}],"about":[{"href":"https:\/\/www.latitudo.com\/index.php\/wp-json\/wp\/v2\/types\/page"}],"author":[{"embeddable":true,"href":"https:\/\/www.latitudo.com\/index.php\/wp-json\/wp\/v2\/users\/3"}],"replies":[{"embeddable":true,"href":"https:\/\/www.latitudo.com\/index.php\/wp-json\/wp\/v2\/comments?post=1715"}],"version-history":[{"count":19,"href":"https:\/\/www.latitudo.com\/index.php\/wp-json\/wp\/v2\/pages\/1715\/revisions"}],"predecessor-version":[{"id":1782,"href":"https:\/\/www.latitudo.com\/index.php\/wp-json\/wp\/v2\/pages\/1715\/revisions\/1782"}],"wp:attachment":[{"href":"https:\/\/www.latitudo.com\/index.php\/wp-json\/wp\/v2\/media?parent=1715"}],"curies":[{"name":"wp","href":"https:\/\/api.w.org\/{rel}","templated":true}]}}